{"id":3299,"date":"2014-04-16T23:40:56","date_gmt":"2014-04-17T02:40:56","guid":{"rendered":"http:\/\/industrialchile.cl\/web\/?page_id=3299"},"modified":"2014-04-23T22:29:28","modified_gmt":"2014-04-24T01:29:28","slug":"quienessomos-2","status":"publish","type":"page","link":"https:\/\/industrialchile.cl\/cl\/quienessomos-2\/","title":{"rendered":"\u00bfQui\u00e9nes Somos?"},"content":{"rendered":"<p style=\"text-align: center;\"><a href=\"http:\/\/industrialchile.cl\/cl\/wp-content\/uploads\/2014\/04\/quienessomos.jpg\"><img loading=\"lazy\" decoding=\"async\" class=\"aligncenter size-full wp-image-3335\" alt=\"\" src=\"http:\/\/industrialchile.cl\/cl\/wp-content\/uploads\/2014\/04\/quienessomos_500.jpg\" width=\"500\" height=\"333\" srcset=\"https:\/\/industrialchile.cl\/cl\/wp-content\/uploads\/2014\/04\/quienessomos_500.jpg 500w, https:\/\/industrialchile.cl\/cl\/wp-content\/uploads\/2014\/04\/quienessomos_500-300x199.jpg 300w\" sizes=\"auto, (max-width: 500px) 100vw, 500px\" \/><\/a><\/p>\n<h1 align=\"center\"><b>INDUSTRIAL CHILE<\/b><\/h1>\n<h1 align=\"center\"><b>CONSTRAMET<\/b><\/h1>\n<p>En su \u00faltima Conferencia Nacional la <strong>CONSTRAMET<\/strong> decidi\u00f3 crear una organizaci\u00f3n m\u00e1s amplia, capaz de contener a todos los sectores que aspiramos a organizar, confrontando el dif\u00edcil escenario sindical que crea la legislaci\u00f3n laboral actual. Esta nueva organizaci\u00f3n es un sindicato \u00fanico que se llama <strong>Industrial Chile<\/strong>, recogiendo el nombre de la organizaci\u00f3n internacional a la que estamos afiliados <strong>INDUSTRI ALL GLOBAL<\/strong>. Nuestro <strong>Industrial Chile<\/strong> agrupa a los trabajadores de la industria manufacturera, cuero, calzado, textil, forestal, metal, pl\u00e1stico y otros, de la miner\u00eda, la qu\u00edmica y la energ\u00eda, independientemente del tipo de contrato que tengan. Este sindicato reemplazar\u00e1 en la acci\u00f3n a nuestra actual Constramet en su lucha por m\u00e1s derechos para los trabajadores<\/p>\n<h2 align=\"center\"><b>INDUSTRI ALL GLOBAL<\/b><\/h2>\n<p>Somos parte de <strong>Industrial Global Uni\u00f3n<\/strong>, fusi\u00f3n de tres grandes organizaciones a nivel internacional; la <strong>FITIM<\/strong> (Federaci\u00f3n Internacional de Trabajadores de las Industrias Metal\u00fargicas) <strong>ICEM<\/strong> (Federaci\u00f3n Internacional de los Trabajadores de la Miner\u00eda y Qu\u00edmicos) y de la <strong>FITTVC<\/strong> (Federaci\u00f3n Internacional de Trabajadores Textiles, del Cuero y Vestuario), que afilia a m\u00e1s de 52 millones de trabajadores en el mundo, dando paso a la <strong>Federaci\u00f3n Internacional INDUSTRI-ALL GLOBAL UNI\u00d3N<\/strong>.<\/p>\n<h2 align=\"center\"><b>\u00bfPor qu\u00e9 afiliarte a Industrial Chile (Constramet)?<\/b><\/h2>\n<p>El sindicato \u00fanico <strong>Industrial Chile<\/strong> es una herramienta de lucha que busca romper con las limitaciones que existen en Chile para que los trabajadores desarrollen una negociaci\u00f3n colectiva ramal y con las condiciones que la hagan eficaz en la conquista de mejores condiciones de trabajo y salario.<\/p>\n","protected":false},"excerpt":{"rendered":"<p>INDUSTRIAL CHILE CONSTRAMET En su \u00faltima Conferencia Nacional la CONSTRAMET decidi\u00f3 crear una organizaci\u00f3n m\u00e1s amplia, capaz de contener a todos los sectores que aspiramos a organizar, confrontando el dif\u00edcil escenario sindical que crea la legislaci\u00f3n laboral actual. Esta nueva organizaci\u00f3n es un sindicato \u00fanico que se llama Industrial Chile, recogiendo el nombre de la &hellip;<\/p>\n","protected":false},"author":1,"featured_media":0,"parent":0,"menu_order":0,"comment_status":"closed","ping_status":"closed","template":"","meta":{"footnotes":""},"class_list":["post-3299","page","type-page","status-publish",""],"_links":{"self":[{"href":"https:\/\/industrialchile.cl\/cl\/wp-json\/wp\/v2\/pages\/3299","targetHints":{"allow":["GET"]}}],"collection":[{"href":"https:\/\/industrialchile.cl\/cl\/wp-json\/wp\/v2\/pages"}],"about":[{"href":"https:\/\/industrialchile.cl\/cl\/wp-json\/wp\/v2\/types\/page"}],"author":[{"embeddable":true,"href":"https:\/\/industrialchile.cl\/cl\/wp-json\/wp\/v2\/users\/1"}],"replies":[{"embeddable":true,"href":"https:\/\/industrialchile.cl\/cl\/wp-json\/wp\/v2\/comments?post=3299"}],"version-history":[{"count":12,"href":"https:\/\/industrialchile.cl\/cl\/wp-json\/wp\/v2\/pages\/3299\/revisions"}],"predecessor-version":[{"id":3337,"href":"https:\/\/industrialchile.cl\/cl\/wp-json\/wp\/v2\/pages\/3299\/revisions\/3337"}],"wp:attachment":[{"href":"https:\/\/industrialchile.cl\/cl\/wp-json\/wp\/v2\/media?parent=3299"}],"curies":[{"name":"wp","href":"https:\/\/api.w.org\/{rel}","templated":true}]}}